{"id":618,"date":"2026-03-10T18:21:43","date_gmt":"2026-03-10T17:21:43","guid":{"rendered":"https:\/\/lakritzkontor.de\/shop\/?post_type=product&#038;p=618"},"modified":"2026-03-11T14:52:46","modified_gmt":"2026-03-11T13:52:46","slug":"kettenfett-500-ml","status":"publish","type":"product","link":"https:\/\/lakritzkontor.de\/shop\/produkt\/kettenfett-500-ml\/","title":{"rendered":"Kettenfett, 500 ml"},"content":{"rendered":"<p>Echtes Lakritz! Kein Schnickschnack!<\/p>\n<p>Jede Menge echtes Lakritz, eine ordentliche Portion Salmiak, ausgewogene 25% Alkohol und ganz wichtig: Kein Schnickschnack! Gute, nat\u00fcrliche Rohstoffe machen den Unterschied, denn hier kommt nichts von der Stange. Kr\u00e4ftig Sch\u00fctteln vor dem Trinken geh\u00f6rt daher nicht nur zum guten Ton, sondern ist ein absolutes Muss um Dein Geschmackserlebnis perfekt zu machen.<\/p>\n","protected":false},"excerpt":{"rendered":"<p>Volle Kanne Lakritz? KETTENFETT Lakritzlik\u00f6r! Viel fl\u00fcssiges Lakritz und 25% Alkohol f\u00fcr eine ordentliche Schmierung. Alles, au\u00dfer gew\u00f6hnlich und perfekt f\u00fcr Deine rostige Kehle. Noch Fragen? Wir h\u00e4tten da noch eine: Wann l\u00e4uft da was zwischen uns?!<\/p>\n","protected":false},"featured_media":534,"comment_status":"open","ping_status":"closed","template":"","meta":[],"product_brand":[],"product_cat":[40],"product_tag":[],"class_list":{"0":"post-618","1":"product","2":"type-product","3":"status-publish","4":"has-post-thumbnail","6":"product_cat-alkoholisches","8":"first","9":"instock","10":"taxable","11":"shipping-taxable","12":"purchasable","13":"product-type-simple"},"jetpack_sharing_enabled":true,"_links":{"self":[{"href":"https:\/\/lakritzkontor.de\/shop\/wp-json\/wp\/v2\/product\/618","targetHints":{"allow":["GET"]}}],"collection":[{"href":"https:\/\/lakritzkontor.de\/shop\/wp-json\/wp\/v2\/product"}],"about":[{"href":"https:\/\/lakritzkontor.de\/shop\/wp-json\/wp\/v2\/types\/product"}],"replies":[{"embeddable":true,"href":"https:\/\/lakritzkontor.de\/shop\/wp-json\/wp\/v2\/comments?post=618"}],"wp:featuredmedia":[{"embeddable":true,"href":"https:\/\/lakritzkontor.de\/shop\/wp-json\/wp\/v2\/media\/534"}],"wp:attachment":[{"href":"https:\/\/lakritzkontor.de\/shop\/wp-json\/wp\/v2\/media?parent=618"}],"wp:term":[{"taxonomy":"product_brand","embeddable":true,"href":"https:\/\/lakritzkontor.de\/shop\/wp-json\/wp\/v2\/product_brand?post=618"},{"taxonomy":"product_cat","embeddable":true,"href":"https:\/\/lakritzkontor.de\/shop\/wp-json\/wp\/v2\/product_cat?post=618"},{"taxonomy":"product_tag","embeddable":true,"href":"https:\/\/lakritzkontor.de\/shop\/wp-json\/wp\/v2\/product_tag?post=618"}],"curies":[{"name":"wp","href":"https:\/\/api.w.org\/{rel}","templated":true}]}}