{"id":834,"date":"2026-03-12T13:06:36","date_gmt":"2026-03-12T12:06:36","guid":{"rendered":"https:\/\/lakritzkontor.de\/shop\/?post_type=product&#038;p=834"},"modified":"2026-03-12T13:06:36","modified_gmt":"2026-03-12T12:06:36","slug":"haupt-lakrits-no-name-250-g","status":"publish","type":"product","link":"https:\/\/lakritzkontor.de\/shop\/produkt\/haupt-lakrits-no-name-250-g\/","title":{"rendered":"Haupt Lakrits No Name  250 g"},"content":{"rendered":"<p><strong><span style=\"color: #000000; font-family: arial, helvetica, sans-serif;\">Haupt Lakrits\u00a0No Name<\/span>\u00a0&#8211;\u00a0<\/strong>EIn Klassiker ist zur\u00fcck! Zur vollen Aromenentfaltung wird das Kernst\u00fcck dieser kleinen Prachtnascherei &#8211; eine Mandel &#8211; erst schonend ger\u00f6stet und dann mit Honig karamellisiert. Als dann verm\u00e4lt sich diese hochveredelte Mandel mit feinster wei\u00dfer Schokolade, zwei Sorten Lakritz und Salmiak zu einem Aromenspektakel f\u00fcr Knabberfreunde und Lakritzfans gleicherma\u00dfen.<\/p>\n<p>Und das tolle ist: Sie k\u00f6nnen\u00a0<strong><span style=\"color: #000000; font-family: arial, helvetica, sans-serif;\">Haupt Lakrits\u00a0No Name<\/span><\/strong>\u00a0einfach direkt knabbern oder Sie lassen die edlen St\u00fccke sinnlich auf der Zunge zergehen und freuen sich am Ende auf eine kleine, knackfrische Mandel. Aber ganz gleich, wie Sie es anstellen, der Genu\u00df ist Ihnen auf jeden Fall garantiert&#8230;<\/p>\n","protected":false},"excerpt":{"rendered":"<p>Haupt Lakrits\u00a0No Name\u00a0&#8211;\u00a0EIn Klassiker ist zur\u00fcck! Zur vollen Aromenentfaltung wird das Kernst\u00fcck dieser kleinen Prachtnascherei &#8211; eine Mandel &#8211; erst schonend ger\u00f6stet und dann mit Honig karamellisiert. Als dann verm\u00e4lt sich diese hochveredelte Mandel mit feinster wei\u00dfer Schokolade, zwei Sorten Lakritz und Salmiak zu einem Aromenspektakel f\u00fcr Knabberfreunde und Lakritzfans gleicherma\u00dfen. Und das tolle ist: [&#8230;]\n","protected":false},"featured_media":835,"comment_status":"open","ping_status":"closed","template":"","meta":[],"product_brand":[159],"product_cat":[53],"product_tag":[161],"class_list":{"0":"post-834","1":"product","2":"type-product","3":"status-publish","4":"has-post-thumbnail","6":"product_brand-haupt","7":"product_cat-hauptlakrits","8":"product_tag-hauptlakrits","10":"first","11":"instock","12":"taxable","13":"shipping-taxable","14":"purchasable","15":"product-type-simple"},"jetpack_sharing_enabled":true,"_links":{"self":[{"href":"https:\/\/lakritzkontor.de\/shop\/wp-json\/wp\/v2\/product\/834","targetHints":{"allow":["GET"]}}],"collection":[{"href":"https:\/\/lakritzkontor.de\/shop\/wp-json\/wp\/v2\/product"}],"about":[{"href":"https:\/\/lakritzkontor.de\/shop\/wp-json\/wp\/v2\/types\/product"}],"replies":[{"embeddable":true,"href":"https:\/\/lakritzkontor.de\/shop\/wp-json\/wp\/v2\/comments?post=834"}],"wp:featuredmedia":[{"embeddable":true,"href":"https:\/\/lakritzkontor.de\/shop\/wp-json\/wp\/v2\/media\/835"}],"wp:attachment":[{"href":"https:\/\/lakritzkontor.de\/shop\/wp-json\/wp\/v2\/media?parent=834"}],"wp:term":[{"taxonomy":"product_brand","embeddable":true,"href":"https:\/\/lakritzkontor.de\/shop\/wp-json\/wp\/v2\/product_brand?post=834"},{"taxonomy":"product_cat","embeddable":true,"href":"https:\/\/lakritzkontor.de\/shop\/wp-json\/wp\/v2\/product_cat?post=834"},{"taxonomy":"product_tag","embeddable":true,"href":"https:\/\/lakritzkontor.de\/shop\/wp-json\/wp\/v2\/product_tag?post=834"}],"curies":[{"name":"wp","href":"https:\/\/api.w.org\/{rel}","templated":true}]}}