{"id":836,"date":"2026-03-12T13:10:35","date_gmt":"2026-03-12T12:10:35","guid":{"rendered":"https:\/\/lakritzkontor.de\/shop\/?post_type=product&#038;p=836"},"modified":"2026-05-12T11:51:43","modified_gmt":"2026-05-12T09:51:43","slug":"haupt-lakrits-salmiakbomben-12er-144-g","status":"publish","type":"product","link":"https:\/\/lakritzkontor.de\/shop\/produkt\/haupt-lakrits-salmiakbomben-12er-144-g\/","title":{"rendered":"Haupt Lakrits Salmiakbomben 12er  144 g"},"content":{"rendered":"<p>F\u00fcr alle die schon immer etwas mehr wollten<strong>:<\/strong>\u00a0<strong>Haupt lakrits Salmiakbomben\u00a0<\/strong>jetzt in der praktischen Vorratsdose!<br \/>\nSchokoladenpralinen gef\u00fcllt mit Karamellcreme, gew\u00e4lzt in Salzlakritzpulver. Eine himmlische Mischung aus Lakritze, Salmiak und weichem Karamell \u2013 eine zarte Explosion von s\u00fc\u00df und salzig.<\/p>\n<p>Salmiakbomben werden in kleinem Ma\u00dfstab, handwerklich und komplett von Hand hergestellt.\u200b<br \/>\nExklusiv nur bei uns<\/p>\n","protected":false},"excerpt":{"rendered":"<p>F\u00fcr alle die schon immer etwas mehr wollten:\u00a0Haupt lakrits Salmiakbomben\u00a0jetzt in der praktischen Vorratsdose! Schokoladenpralinen gef\u00fcllt mit Karamellcreme, gew\u00e4lzt in Salzlakritzpulver. Eine himmlische Mischung aus Lakritze, Salmiak und weichem Karamell \u2013 eine zarte Explosion von s\u00fc\u00df und salzig. Salmiakbomben werden in kleinem Ma\u00dfstab, handwerklich und komplett von Hand hergestellt.\u200b Exklusiv nur bei uns<\/p>\n","protected":false},"featured_media":826,"comment_status":"open","ping_status":"closed","template":"","meta":[],"product_brand":[159],"product_cat":[53],"product_tag":[160,162],"class_list":{"0":"post-836","1":"product","2":"type-product","3":"status-publish","4":"has-post-thumbnail","6":"product_brand-haupt","7":"product_cat-hauptlakrits","8":"product_tag-haupt","9":"product_tag-salmiakbomben","11":"first","12":"outofstock","13":"taxable","14":"shipping-taxable","15":"purchasable","16":"product-type-simple"},"jetpack_sharing_enabled":true,"_links":{"self":[{"href":"https:\/\/lakritzkontor.de\/shop\/wp-json\/wp\/v2\/product\/836","targetHints":{"allow":["GET"]}}],"collection":[{"href":"https:\/\/lakritzkontor.de\/shop\/wp-json\/wp\/v2\/product"}],"about":[{"href":"https:\/\/lakritzkontor.de\/shop\/wp-json\/wp\/v2\/types\/product"}],"replies":[{"embeddable":true,"href":"https:\/\/lakritzkontor.de\/shop\/wp-json\/wp\/v2\/comments?post=836"}],"wp:featuredmedia":[{"embeddable":true,"href":"https:\/\/lakritzkontor.de\/shop\/wp-json\/wp\/v2\/media\/826"}],"wp:attachment":[{"href":"https:\/\/lakritzkontor.de\/shop\/wp-json\/wp\/v2\/media?parent=836"}],"wp:term":[{"taxonomy":"product_brand","embeddable":true,"href":"https:\/\/lakritzkontor.de\/shop\/wp-json\/wp\/v2\/product_brand?post=836"},{"taxonomy":"product_cat","embeddable":true,"href":"https:\/\/lakritzkontor.de\/shop\/wp-json\/wp\/v2\/product_cat?post=836"},{"taxonomy":"product_tag","embeddable":true,"href":"https:\/\/lakritzkontor.de\/shop\/wp-json\/wp\/v2\/product_tag?post=836"}],"curies":[{"name":"wp","href":"https:\/\/api.w.org\/{rel}","templated":true}]}}