{"id":847,"date":"2026-03-12T16:19:23","date_gmt":"2026-03-12T15:19:23","guid":{"rendered":"https:\/\/lakritzkontor.de\/shop\/?post_type=product&#038;p=847"},"modified":"2026-03-12T16:19:23","modified_gmt":"2026-03-12T15:19:23","slug":"haupt-lakrits-salt-lakritzstuecke-salzig-10-g","status":"publish","type":"product","link":"https:\/\/lakritzkontor.de\/shop\/produkt\/haupt-lakrits-salt-lakritzstuecke-salzig-10-g\/","title":{"rendered":"Haupt Lakrits SALT Lakritzst\u00fccke salzig,  10 g"},"content":{"rendered":"<p><strong>Haupt Lakrits SALT Lakritzst\u00fccke salzig<\/strong>\u00a0enthalten 9% Rohlakritz aus Kalabrien (andere Lakritzsorten enthalten meist 2 bis 6% Rohlakritz). Haupt Lakrits SALT Lakritzst\u00fccke salzig\u00a0haben einen intensiven Duft\u00a0 mit Noten von Kr\u00e4utern, Tabak und Teer. Der Geschmack ist intensiv, salzig und leicht rauchig mit einer milden Salmiaknote.<br \/>\nDie Konsistenz bietet einen deutlichen Kauwiderstand, die Oberfl\u00e4che ist trocken, das Mundgef\u00fchl ist ausbalanciert und bietet einen langanhaltenden Nachgeschmack.<br \/>\nDie Herstellung erfolgt auf traditionelle Art durch einen 8-st\u00fcndigen Kochvorgang und eine 10-w\u00f6chige Reifezeit. Haupt Lakrits SALT Lakritzst\u00fccke salzig enthalten keine Farbstoffe, keine Glanzmittel und keine E-Zusatzstoffe.<\/p>\n<p>Zu Haupt Lakrits SALT Lakritzst\u00fccke salzig passt ein f\u00fclliger Rotwein oder ein rauchiger Whisky.<\/p>\n","protected":false},"excerpt":{"rendered":"<p>Haupt Lakrits SALT Lakritzst\u00fccke salzig\u00a0enthalten 9% Rohlakritz aus Kalabrien (andere Lakritzsorten enthalten meist 2 bis 6% Rohlakritz). Haupt Lakrits SALT Lakritzst\u00fccke salzig\u00a0haben einen intensiven Duft\u00a0 mit Noten von Kr\u00e4utern, Tabak und Teer. Der Geschmack ist intensiv, salzig und leicht rauchig mit einer milden Salmiaknote. Die Konsistenz bietet einen deutlichen Kauwiderstand, die Oberfl\u00e4che ist trocken, das [&#8230;]\n","protected":false},"featured_media":817,"comment_status":"open","ping_status":"closed","template":"","meta":[],"product_brand":[],"product_cat":[15],"product_tag":[],"class_list":{"0":"post-847","1":"product","2":"type-product","3":"status-publish","4":"has-post-thumbnail","6":"product_cat-unkategorisiert","8":"first","9":"instock","10":"taxable","11":"shipping-taxable","12":"purchasable","13":"product-type-simple"},"jetpack_sharing_enabled":true,"_links":{"self":[{"href":"https:\/\/lakritzkontor.de\/shop\/wp-json\/wp\/v2\/product\/847","targetHints":{"allow":["GET"]}}],"collection":[{"href":"https:\/\/lakritzkontor.de\/shop\/wp-json\/wp\/v2\/product"}],"about":[{"href":"https:\/\/lakritzkontor.de\/shop\/wp-json\/wp\/v2\/types\/product"}],"replies":[{"embeddable":true,"href":"https:\/\/lakritzkontor.de\/shop\/wp-json\/wp\/v2\/comments?post=847"}],"wp:featuredmedia":[{"embeddable":true,"href":"https:\/\/lakritzkontor.de\/shop\/wp-json\/wp\/v2\/media\/817"}],"wp:attachment":[{"href":"https:\/\/lakritzkontor.de\/shop\/wp-json\/wp\/v2\/media?parent=847"}],"wp:term":[{"taxonomy":"product_brand","embeddable":true,"href":"https:\/\/lakritzkontor.de\/shop\/wp-json\/wp\/v2\/product_brand?post=847"},{"taxonomy":"product_cat","embeddable":true,"href":"https:\/\/lakritzkontor.de\/shop\/wp-json\/wp\/v2\/product_cat?post=847"},{"taxonomy":"product_tag","embeddable":true,"href":"https:\/\/lakritzkontor.de\/shop\/wp-json\/wp\/v2\/product_tag?post=847"}],"curies":[{"name":"wp","href":"https:\/\/api.w.org\/{rel}","templated":true}]}}