{"id":849,"date":"2026-03-12T16:24:53","date_gmt":"2026-03-12T15:24:53","guid":{"rendered":"https:\/\/lakritzkontor.de\/shop\/?post_type=product&#038;p=849"},"modified":"2026-03-12T16:24:53","modified_gmt":"2026-03-12T15:24:53","slug":"haupt-lakrits-heta-svenskjaevlar-250-g","status":"publish","type":"product","link":"https:\/\/lakritzkontor.de\/shop\/produkt\/haupt-lakrits-heta-svenskjaevlar-250-g\/","title":{"rendered":"Haupt Lakrits Heta Svenskj\u00e4vlar 250 g"},"content":{"rendered":"<p><strong>Hier kommt das scharfe Pendant zum salzigsten Lakritz:<br \/>\nHaupt Lakrits Heta Svenskj\u00e4vlar<\/strong>\u00a0sind ein brutal leckeres Treffen zwischen \u201edem salzigsten Lakritz der Welt\u201c und der hei\u00dfesten Chili der Welt \u2013 Carolina Reaper.<\/p>\n<p><strong>WARNUNG! EXTREM STARK! SIE ESSEN SIE AUF EIGENE GEFAHR.\u00a0<\/strong><\/p>\n<p><strong>Haupt Lakrits Heta Svenskj\u00e4vlar<\/strong>\u00a0haben eine F\u00fcllung aus Salmiak- und Lakritzcreme und sind mit \u00fcberzogen\u00a0Salmiaklakritz,\u00a0Salmiak, karamellisierter wei\u00dfer Schokolade, Erdbeeren und Carolina Reaper.\u00a0Die Konsistenz bietet einen angenemen Kauwiderstand mit einer Soft-F\u00fcllung, das Mundgef\u00fchl ist richtig heftig scharf, dabei sch\u00f6n &#8220;lakritzig&#8221; und salzig mit einem<b>\u00a0<\/b>unverwechselbarem\u00a0Geschmackserlebnis, eben ein sch\u00f6nes und aufregendes Pendant zu dem salzigen\u00a0<strong>Svenskj\u00e4vlar<\/strong>.<br \/>\nEine k\u00f6stliche Versuchung f\u00fcr alle die von\u00a0<strong>Haupt Lakrits Svenskj\u00e4vlar, extrem salzig\u00a0<\/strong>nicht lassen l\u00f6nnen und sich trauen, die feurig scharfe Seite des Lebens kennen zu lernen.<\/p>\n<p><strong>Haupt Lakrits Heta Svenskj\u00e4vlar\u00a0<\/strong>wird ohne Zugabe von Palm\u00f6l hergestellt.<\/p>\n","protected":false},"excerpt":{"rendered":"<p>Hier kommt das scharfe Pendant zum salzigsten Lakritz: Haupt Lakrits Heta Svenskj\u00e4vlar\u00a0sind ein brutal leckeres Treffen zwischen \u201edem salzigsten Lakritz der Welt\u201c und der hei\u00dfesten Chili der Welt \u2013 Carolina Reaper. WARNUNG! EXTREM STARK! SIE ESSEN SIE AUF EIGENE GEFAHR.\u00a0 Haupt Lakrits Heta Svenskj\u00e4vlar\u00a0haben eine F\u00fcllung aus Salmiak- und Lakritzcreme und sind mit \u00fcberzogen\u00a0Salmiaklakritz,\u00a0Salmiak, karamellisierter [&#8230;]\n","protected":false},"featured_media":611,"comment_status":"open","ping_status":"closed","template":"","meta":[],"product_brand":[159],"product_cat":[53],"product_tag":[164],"class_list":{"0":"post-849","1":"product","2":"type-product","3":"status-publish","4":"has-post-thumbnail","6":"product_brand-haupt","7":"product_cat-hauptlakrits","8":"product_tag-chili","10":"first","11":"instock","12":"taxable","13":"shipping-taxable","14":"purchasable","15":"product-type-simple"},"jetpack_sharing_enabled":true,"_links":{"self":[{"href":"https:\/\/lakritzkontor.de\/shop\/wp-json\/wp\/v2\/product\/849","targetHints":{"allow":["GET"]}}],"collection":[{"href":"https:\/\/lakritzkontor.de\/shop\/wp-json\/wp\/v2\/product"}],"about":[{"href":"https:\/\/lakritzkontor.de\/shop\/wp-json\/wp\/v2\/types\/product"}],"replies":[{"embeddable":true,"href":"https:\/\/lakritzkontor.de\/shop\/wp-json\/wp\/v2\/comments?post=849"}],"wp:featuredmedia":[{"embeddable":true,"href":"https:\/\/lakritzkontor.de\/shop\/wp-json\/wp\/v2\/media\/611"}],"wp:attachment":[{"href":"https:\/\/lakritzkontor.de\/shop\/wp-json\/wp\/v2\/media?parent=849"}],"wp:term":[{"taxonomy":"product_brand","embeddable":true,"href":"https:\/\/lakritzkontor.de\/shop\/wp-json\/wp\/v2\/product_brand?post=849"},{"taxonomy":"product_cat","embeddable":true,"href":"https:\/\/lakritzkontor.de\/shop\/wp-json\/wp\/v2\/product_cat?post=849"},{"taxonomy":"product_tag","embeddable":true,"href":"https:\/\/lakritzkontor.de\/shop\/wp-json\/wp\/v2\/product_tag?post=849"}],"curies":[{"name":"wp","href":"https:\/\/api.w.org\/{rel}","templated":true}]}}