{"id":864,"date":"2026-03-12T17:19:33","date_gmt":"2026-03-12T16:19:33","guid":{"rendered":"https:\/\/lakritzkontor.de\/shop\/?post_type=product&#038;p=864"},"modified":"2026-03-12T17:19:33","modified_gmt":"2026-03-12T16:19:33","slug":"1-sweet-150g","status":"publish","type":"product","link":"https:\/\/lakritzkontor.de\/shop\/produkt\/1-sweet-150g\/","title":{"rendered":"1 &#8211; SWEET &#8211; 150G"},"content":{"rendered":"<p>Unser s\u00fc\u00dfer Lakritz ist Lakritz in seiner reinsten Form, mit der nat\u00fcrlichen S\u00fc\u00dfe aus der S\u00fc\u00dfholzwurzel. S\u00fc\u00df, aber im Gleichgewicht mit seiner eignen St\u00e4rke und einem Hauch von purem Anis. F\u00fcr viele ist Nr. 1 nicht nur die Nummer eins, sondern das Ein uns Alles.<\/p>\n","protected":false},"excerpt":{"rendered":"<p>Unser s\u00fc\u00dfer Lakritz ist Lakritz in seiner reinsten Form, mit der nat\u00fcrlichen S\u00fc\u00dfe aus der S\u00fc\u00dfholzwurzel. S\u00fc\u00df, aber im Gleichgewicht mit seiner eignen St\u00e4rke und einem Hauch von purem Anis. F\u00fcr viele ist Nr. 1 nicht nur die Nummer eins, sondern das Ein uns Alles.<\/p>\n","protected":false},"featured_media":868,"comment_status":"open","ping_status":"closed","template":"","meta":[],"product_brand":[],"product_cat":[63],"product_tag":[],"class_list":{"0":"post-864","1":"product","2":"type-product","3":"status-publish","4":"has-post-thumbnail","6":"product_cat-lakridsbybuelow","8":"first","9":"instock","10":"taxable","11":"shipping-taxable","12":"purchasable","13":"product-type-simple"},"jetpack_sharing_enabled":true,"_links":{"self":[{"href":"https:\/\/lakritzkontor.de\/shop\/wp-json\/wp\/v2\/product\/864","targetHints":{"allow":["GET"]}}],"collection":[{"href":"https:\/\/lakritzkontor.de\/shop\/wp-json\/wp\/v2\/product"}],"about":[{"href":"https:\/\/lakritzkontor.de\/shop\/wp-json\/wp\/v2\/types\/product"}],"replies":[{"embeddable":true,"href":"https:\/\/lakritzkontor.de\/shop\/wp-json\/wp\/v2\/comments?post=864"}],"wp:featuredmedia":[{"embeddable":true,"href":"https:\/\/lakritzkontor.de\/shop\/wp-json\/wp\/v2\/media\/868"}],"wp:attachment":[{"href":"https:\/\/lakritzkontor.de\/shop\/wp-json\/wp\/v2\/media?parent=864"}],"wp:term":[{"taxonomy":"product_brand","embeddable":true,"href":"https:\/\/lakritzkontor.de\/shop\/wp-json\/wp\/v2\/product_brand?post=864"},{"taxonomy":"product_cat","embeddable":true,"href":"https:\/\/lakritzkontor.de\/shop\/wp-json\/wp\/v2\/product_cat?post=864"},{"taxonomy":"product_tag","embeddable":true,"href":"https:\/\/lakritzkontor.de\/shop\/wp-json\/wp\/v2\/product_tag?post=864"}],"curies":[{"name":"wp","href":"https:\/\/api.w.org\/{rel}","templated":true}]}}