{"id":933,"date":"2026-03-13T14:47:57","date_gmt":"2026-03-13T13:47:57","guid":{"rendered":"https:\/\/lakritzkontor.de\/shop\/?post_type=product&#038;p=933"},"modified":"2026-03-13T14:47:58","modified_gmt":"2026-03-13T13:47:58","slug":"lakritzstangen-gefuellt-apfel-5-stueck","status":"publish","type":"product","link":"https:\/\/lakritzkontor.de\/shop\/produkt\/lakritzstangen-gefuellt-apfel-5-stueck\/","title":{"rendered":"Lakritzstangen gef\u00fcllt Apfel  5 St\u00fcck"},"content":{"rendered":"<p><strong>Lakritzstangen gef\u00fcllt Apfel<\/strong>\u00a0sind 16 cm lange Lakritzstangen mit einer frischen Apfelf\u00fcllung.<\/p>\n","protected":false},"excerpt":{"rendered":"<p>Lakritzstangen gef\u00fcllt Apfel\u00a0sind 16 cm lange Lakritzstangen mit einer frischen Apfelf\u00fcllung.<\/p>\n","protected":false},"featured_media":594,"comment_status":"open","ping_status":"closed","template":"","meta":[],"product_brand":[],"product_cat":[15,78],"product_tag":[],"class_list":{"0":"post-933","1":"product","2":"type-product","3":"status-publish","4":"has-post-thumbnail","6":"product_cat-unkategorisiert","7":"product_cat-loseware","9":"first","10":"instock","11":"taxable","12":"shipping-taxable","13":"purchasable","14":"product-type-simple"},"jetpack_sharing_enabled":true,"_links":{"self":[{"href":"https:\/\/lakritzkontor.de\/shop\/wp-json\/wp\/v2\/product\/933","targetHints":{"allow":["GET"]}}],"collection":[{"href":"https:\/\/lakritzkontor.de\/shop\/wp-json\/wp\/v2\/product"}],"about":[{"href":"https:\/\/lakritzkontor.de\/shop\/wp-json\/wp\/v2\/types\/product"}],"replies":[{"embeddable":true,"href":"https:\/\/lakritzkontor.de\/shop\/wp-json\/wp\/v2\/comments?post=933"}],"wp:featuredmedia":[{"embeddable":true,"href":"https:\/\/lakritzkontor.de\/shop\/wp-json\/wp\/v2\/media\/594"}],"wp:attachment":[{"href":"https:\/\/lakritzkontor.de\/shop\/wp-json\/wp\/v2\/media?parent=933"}],"wp:term":[{"taxonomy":"product_brand","embeddable":true,"href":"https:\/\/lakritzkontor.de\/shop\/wp-json\/wp\/v2\/product_brand?post=933"},{"taxonomy":"product_cat","embeddable":true,"href":"https:\/\/lakritzkontor.de\/shop\/wp-json\/wp\/v2\/product_cat?post=933"},{"taxonomy":"product_tag","embeddable":true,"href":"https:\/\/lakritzkontor.de\/shop\/wp-json\/wp\/v2\/product_tag?post=933"}],"curies":[{"name":"wp","href":"https:\/\/api.w.org\/{rel}","templated":true}]}}